{"id":102,"date":"2024-04-29T16:27:23","date_gmt":"2024-04-29T16:27:23","guid":{"rendered":"http:\/\/localhost\/wordpress\/?page_id=102"},"modified":"2024-05-14T08:13:58","modified_gmt":"2024-05-14T08:13:58","slug":"horario","status":"publish","type":"page","link":"http:\/\/zeus.lllf.uam.es\/Eros\/?page_id=102","title":{"rendered":"Programaci\u00f3n"},"content":{"rendered":"\n<div class=\"wp-block-group alignfull has-base-background-color has-background has-global-padding is-layout-constrained wp-block-group-is-layout-constrained\" style=\"margin-top:0;margin-bottom:0;padding-top:var(--wp--preset--spacing--50);padding-right:var(--wp--preset--spacing--50);padding-bottom:var(--wp--preset--spacing--50);padding-left:var(--wp--preset--spacing--50)\">\n<div class=\"wp-block-columns alignwide is-layout-flex wp-container-core-columns-is-layout-1 wp-block-columns-is-layout-flex\">\n<div class=\"wp-block-column has-global-padding is-content-justification-left is-layout-constrained wp-container-core-column-is-layout-1 wp-block-column-is-layout-constrained\" style=\"flex-basis:40%\">\n<p>Mi\u00e9rcoles 8 de mayo<\/p>\n<\/div>\n\n\n\n<div class=\"wp-block-column is-layout-flow wp-container-core-column-is-layout-2 wp-block-column-is-layout-flow\" style=\"flex-basis:60%\">\n<h2 class=\"wp-block-heading\">Jes\u00fas Vega Encabo<\/h2>\n\n\n\n<p>Catedr\u00e1tico de L\u00f3gica y Filosof\u00eda en la Universidad Aut\u00f3noma de Madrid, encargado de la docencia en asignaturas como Teor\u00eda del conocimiento, Filosof\u00eda de la mente o Racionalidad y acci\u00f3n, el profesor Jes\u00fas Vega Encabo ha orientado su carrera principalmente a cuestiones de corte epistemol\u00f3gico, siendo su tesis \u201cEpistemolog\u00eda de las t\u00e9cnicas\u201d un ejemplo de su compromiso y trabajo en dicho campo. No obstante, su carrera intelectual no ha quedado reducida \u00fanicamente a este \u00e1mbito, contando con numerosas investigaciones en torno a, por ejemplo, la filosof\u00eda y el cine. En este congreso, el catedr\u00e1tico y fil\u00f3sofo desplegar\u00e1 una ponencia acerca de la seducci\u00f3n y el conocimiento.<\/p>\n\n\n\n<h2 class=\"wp-block-heading\">Julio P\u00e9rez Manzanares<\/h2>\n\n\n\n<p>Doctor en Historia del arte por la Universidad Complutense de Madrid y docente en el campo de la Est\u00e9tica y teor\u00eda del arte en la Universidad Aut\u00f3noma de Madrid, Julio P\u00e9rez Manzanares ha demostrado una polifac\u00e9tica e prol\u00edfica investigaci\u00f3n en torno a cuestiones como la pornograf\u00eda, los estudios de g\u00e9nero o la poes\u00eda, ofreciendo en este congreso una mirada sobre la est\u00e9tica de la ruina como objeto de lo queer a trav\u00e9s de la escena neoyorquina, siguiendo a fil\u00f3sofos como Deleuze, Guattari o Bloch.<\/p>\n<\/div>\n<\/div>\n<\/div>\n","protected":false},"excerpt":{"rendered":"<p>Mi\u00e9rcoles 8 de mayo Jes\u00fas Vega Encabo Catedr\u00e1tico de L\u00f3gica y Filosof\u00eda en la Universidad Aut\u00f3noma de Madrid, encargado de la docencia en asignaturas como Teor\u00eda del conocimiento, Filosof\u00eda de la mente o Racionalidad y acci\u00f3n, el profesor Jes\u00fas Vega Encabo ha orientado su carrera principalmente a cuestiones de corte epistemol\u00f3gico, siendo su tesis \u201cEpistemolog\u00eda [&hellip;]<\/p>\n","protected":false},"author":2,"featured_media":0,"parent":0,"menu_order":0,"comment_status":"closed","ping_status":"closed","template":"horarios","meta":{"footnotes":""},"_links":{"self":[{"href":"http:\/\/zeus.lllf.uam.es\/Eros\/index.php?rest_route=\/wp\/v2\/pages\/102"}],"collection":[{"href":"http:\/\/zeus.lllf.uam.es\/Eros\/index.php?rest_route=\/wp\/v2\/pages"}],"about":[{"href":"http:\/\/zeus.lllf.uam.es\/Eros\/index.php?rest_route=\/wp\/v2\/types\/page"}],"author":[{"embeddable":true,"href":"http:\/\/zeus.lllf.uam.es\/Eros\/index.php?rest_route=\/wp\/v2\/users\/2"}],"replies":[{"embeddable":true,"href":"http:\/\/zeus.lllf.uam.es\/Eros\/index.php?rest_route=%2Fwp%2Fv2%2Fcomments&post=102"}],"version-history":[{"count":2,"href":"http:\/\/zeus.lllf.uam.es\/Eros\/index.php?rest_route=\/wp\/v2\/pages\/102\/revisions"}],"predecessor-version":[{"id":156,"href":"http:\/\/zeus.lllf.uam.es\/Eros\/index.php?rest_route=\/wp\/v2\/pages\/102\/revisions\/156"}],"wp:attachment":[{"href":"http:\/\/zeus.lllf.uam.es\/Eros\/index.php?rest_route=%2Fwp%2Fv2%2Fmedia&parent=102"}],"curies":[{"name":"wp","href":"https:\/\/api.w.org\/{rel}","templated":true}]}}