{"id":68,"date":"2024-04-29T15:09:44","date_gmt":"2024-04-29T15:09:44","guid":{"rendered":"http:\/\/localhost\/wordpress\/?page_id=68"},"modified":"2024-05-14T08:05:30","modified_gmt":"2024-05-14T08:05:30","slug":"ponentes","status":"publish","type":"page","link":"http:\/\/zeus.lllf.uam.es\/Eros\/?page_id=68","title":{"rendered":"Ponentes"},"content":{"rendered":"\n<div class=\"wp-block-group alignfull has-global-padding is-layout-constrained wp-block-group-is-layout-constrained\" style=\"margin-top:0;margin-bottom:0;padding-top:var(--wp--preset--spacing--50);padding-right:var(--wp--preset--spacing--50);padding-bottom:var(--wp--preset--spacing--50);padding-left:var(--wp--preset--spacing--50)\">\n<div style=\"height:36px\" aria-hidden=\"true\" class=\"wp-block-spacer\"><\/div>\n\n\n\n<div class=\"wp-block-columns alignwide is-layout-flex wp-container-core-columns-is-layout-1 wp-block-columns-is-layout-flex\" style=\"padding-right:0;padding-left:0\">\n<div class=\"wp-block-column is-layout-flow wp-block-column-is-layout-flow\">\n<figure class=\"wp-block-image size-large is-style-rounded\"><img decoding=\"async\" src=\"https:\/\/www.ehess.fr\/sites\/default\/files\/styles\/large\/public\/jvega_encabo.jpg?itok=VWHqn5oO\" alt=\"\" style=\"aspect-ratio:1;object-fit:cover\"\/><\/figure>\n\n\n\n<div class=\"wp-block-group is-vertical is-content-justification-center is-nowrap is-layout-flex wp-container-core-group-is-layout-1 wp-block-group-is-layout-flex\">\n<p class=\"has-text-align-center has-small-font-size\"><strong>Jes\u00fas Vega Encabo<\/strong><\/p>\n\n\n\n<p class=\"has-text-align-center has-small-font-size\">Catedr\u00e1tico de L\u00f3gica y Filosof\u00eda en la Universidad Aut\u00f3noma de Madrid<\/p>\n<\/div>\n<\/div>\n\n\n\n<div class=\"wp-block-column is-layout-flow wp-block-column-is-layout-flow\">\n<figure class=\"wp-block-image size-large is-style-rounded\"><img decoding=\"async\" src=\"https:\/\/numax.org\/storage\/cache\/images\/6dd\/1542374427-750_eec41ba6-image.png\" alt=\"\" style=\"aspect-ratio:1;object-fit:cover\"\/><\/figure>\n\n\n\n<div class=\"wp-block-group is-vertical is-content-justification-center is-nowrap is-layout-flex wp-container-core-group-is-layout-2 wp-block-group-is-layout-flex\">\n<p class=\"has-text-align-center has-small-font-size\"><strong>Julio P\u00e9rez Manzanares<\/strong><\/p>\n\n\n\n<p class=\"has-text-align-center has-small-font-size\">Profesor de Est\u00e9tica y Teor\u00eda del Arte en la Universidad Aut\u00f3noma de Madrid<\/p>\n<\/div>\n<\/div>\n\n\n\n<div class=\"wp-block-column is-layout-flow wp-block-column-is-layout-flow\">\n<figure class=\"wp-block-image size-large is-style-rounded\"><img decoding=\"async\" src=\"https:\/\/i1.rgstatic.net\/ii\/profile.image\/11431281215740679-1704402053893_Q512\/Laura-Castro-Roldan.jpg\" alt=\"\" style=\"aspect-ratio:1;object-fit:cover\"\/><\/figure>\n\n\n\n<div class=\"wp-block-group is-vertical is-content-justification-center is-nowrap is-layout-flex wp-container-core-group-is-layout-3 wp-block-group-is-layout-flex\">\n<p class=\"has-text-align-center has-small-font-size\"><strong>Laura Castro Rold\u00e1n<\/strong><\/p>\n\n\n\n<p class=\"has-text-align-center has-small-font-size\">Graduada en Sociolog\u00eda y doctoranda en la Universidad Complutense de Madrid<\/p>\n<\/div>\n<\/div>\n\n\n\n<div class=\"wp-block-column is-layout-flow wp-block-column-is-layout-flow\">\n<figure class=\"wp-block-image size-large is-style-rounded\"><img decoding=\"async\" src=\"https:\/\/pbs.twimg.com\/ext_tw_video_thumb\/1682006835669106690\/pu\/img\/V3f9Xbe33R3S7Tru.jpg\" alt=\"\" style=\"aspect-ratio:1;object-fit:cover\"\/><\/figure>\n\n\n\n<div class=\"wp-block-group is-vertical is-content-justification-center is-nowrap is-layout-flex wp-container-core-group-is-layout-4 wp-block-group-is-layout-flex\">\n<p class=\"has-text-align-center has-small-font-size\"><strong>Pablo Castro Garc\u00eda<\/strong><\/p>\n\n\n\n<p class=\"has-text-align-center has-small-font-size\">Graduado en el grado combinado de Filosof\u00eda, Pol\u00edtica y Econom\u00eda y doctorando en la Universidad Aut\u00f3noma de Madrid<\/p>\n<\/div>\n<\/div>\n<\/div>\n<\/div>\n\n\n\n<div class=\"wp-block-group alignfull has-global-padding is-layout-constrained wp-block-group-is-layout-constrained\" style=\"margin-top:0;margin-bottom:0;padding-top:var(--wp--preset--spacing--50);padding-right:var(--wp--preset--spacing--50);padding-bottom:var(--wp--preset--spacing--50);padding-left:var(--wp--preset--spacing--50)\">\n<div class=\"wp-block-columns alignwide is-layout-flex wp-container-core-columns-is-layout-2 wp-block-columns-is-layout-flex\" style=\"padding-right:0;padding-left:0\">\n<div class=\"wp-block-column is-layout-flow wp-block-column-is-layout-flow\">\n<figure class=\"wp-block-image size-large is-style-rounded\"><img decoding=\"async\" src=\"https:\/\/www.yanmag.com\/wp-content\/uploads\/2020\/09\/Valerio-Rocco-Lozano-Director-del-Circulo-de-Bellas-Artes-Doctor-en-Filosofia-especialista-en-Hegel-Madrid-YANMAG.jpg\" alt=\"\" style=\"aspect-ratio:1;object-fit:cover\"\/><\/figure>\n\n\n\n<div class=\"wp-block-group is-vertical is-content-justification-center is-nowrap is-layout-flex wp-container-core-group-is-layout-6 wp-block-group-is-layout-flex\">\n<p class=\"has-text-align-center has-small-font-size\"><strong>Valerio Rocco Lozano<\/strong><\/p>\n\n\n\n<p class=\"has-text-align-center has-small-font-size\">Director del C\u00edrculo de Bellas Artes y Profesor de Filosof\u00eda en la Universidad Aut\u00f3noma de Madrid<\/p>\n<\/div>\n<\/div>\n\n\n\n<div class=\"wp-block-column is-layout-flow wp-block-column-is-layout-flow\">\n<figure class=\"wp-block-image size-large is-style-rounded\"><img decoding=\"async\" src=\"https:\/\/www.circulobellasartes.com\/wp-content\/uploads\/2020\/03\/Captura-de-pantalla-16.png\" alt=\"\" style=\"aspect-ratio:1;object-fit:cover\"\/><\/figure>\n\n\n\n<div class=\"wp-block-group is-vertical is-content-justification-center is-nowrap is-layout-flex wp-container-core-group-is-layout-7 wp-block-group-is-layout-flex\">\n<p class=\"has-text-align-center has-small-font-size\"><strong>Iv\u00e1n de los R\u00edos<\/strong><\/p>\n\n\n\n<p class=\"has-text-align-center has-small-font-size\">Profesor de Filosof\u00eda en la Universidad Aut\u00f3noma de Madrid<\/p>\n<\/div>\n<\/div>\n\n\n\n<div class=\"wp-block-column is-layout-flow wp-block-column-is-layout-flow\">\n<figure class=\"wp-block-image size-large is-style-rounded\"><img decoding=\"async\" src=\"https:\/\/www.instituthumanitats.org\/sites\/default\/files\/persona\/imatge\/alicia-valdes.jpg\" alt=\"\" style=\"aspect-ratio:1;object-fit:cover\"\/><\/figure>\n\n\n\n<div class=\"wp-block-group is-vertical is-content-justification-center is-nowrap is-layout-flex wp-container-core-group-is-layout-8 wp-block-group-is-layout-flex\">\n<p class=\"has-text-align-center has-small-font-size\"><strong>Alicia Vald\u00e9s<\/strong><\/p>\n\n\n\n<p class=\"has-text-align-center has-small-font-size\">Polit\u00f3loga y Doctora en Humanidades por la Universidad Carlos III de madrid<\/p>\n<\/div>\n<\/div>\n\n\n\n<div class=\"wp-block-column is-layout-flow wp-block-column-is-layout-flow\">\n<figure class=\"wp-block-image size-large is-style-rounded\"><img decoding=\"async\" src=\"https:\/\/a-desk.org\/wp-content\/uploads\/2022\/01\/Foto.jpeg\" alt=\"\" style=\"aspect-ratio:1;object-fit:cover\"\/><\/figure>\n\n\n\n<div class=\"wp-block-group is-vertical is-content-justification-center is-nowrap is-layout-flex wp-container-core-group-is-layout-9 wp-block-group-is-layout-flex\">\n<p class=\"has-text-align-center has-small-font-size\"><strong>Patricia Lara Folch<\/strong><\/p>\n\n\n\n<p class=\"has-text-align-center has-small-font-size\">Graduada en el grado combinado de Filosof\u00eda, Pol\u00edtica y Econom\u00eda y doctoranda en la Universidad Aut\u00f3noma de Madrid<\/p>\n<\/div>\n<\/div>\n<\/div>\n<\/div>\n","protected":false},"excerpt":{"rendered":"<p>Jes\u00fas Vega Encabo Catedr\u00e1tico de L\u00f3gica y Filosof\u00eda en la Universidad Aut\u00f3noma de Madrid Julio P\u00e9rez Manzanares Profesor de Est\u00e9tica y Teor\u00eda del Arte en la Universidad Aut\u00f3noma de Madrid Laura Castro Rold\u00e1n Graduada en Sociolog\u00eda y doctoranda en la Universidad Complutense de Madrid Pablo Castro Garc\u00eda Graduado en el grado combinado de Filosof\u00eda, Pol\u00edtica [&hellip;]<\/p>\n","protected":false},"author":2,"featured_media":0,"parent":0,"menu_order":0,"comment_status":"closed","ping_status":"closed","template":"","meta":{"footnotes":""},"_links":{"self":[{"href":"http:\/\/zeus.lllf.uam.es\/Eros\/index.php?rest_route=\/wp\/v2\/pages\/68"}],"collection":[{"href":"http:\/\/zeus.lllf.uam.es\/Eros\/index.php?rest_route=\/wp\/v2\/pages"}],"about":[{"href":"http:\/\/zeus.lllf.uam.es\/Eros\/index.php?rest_route=\/wp\/v2\/types\/page"}],"author":[{"embeddable":true,"href":"http:\/\/zeus.lllf.uam.es\/Eros\/index.php?rest_route=\/wp\/v2\/users\/2"}],"replies":[{"embeddable":true,"href":"http:\/\/zeus.lllf.uam.es\/Eros\/index.php?rest_route=%2Fwp%2Fv2%2Fcomments&post=68"}],"version-history":[{"count":9,"href":"http:\/\/zeus.lllf.uam.es\/Eros\/index.php?rest_route=\/wp\/v2\/pages\/68\/revisions"}],"predecessor-version":[{"id":152,"href":"http:\/\/zeus.lllf.uam.es\/Eros\/index.php?rest_route=\/wp\/v2\/pages\/68\/revisions\/152"}],"wp:attachment":[{"href":"http:\/\/zeus.lllf.uam.es\/Eros\/index.php?rest_route=%2Fwp%2Fv2%2Fmedia&parent=68"}],"curies":[{"name":"wp","href":"https:\/\/api.w.org\/{rel}","templated":true}]}}